{"id":2311,"date":"2024-11-07T09:49:35","date_gmt":"2024-11-07T09:49:35","guid":{"rendered":"https:\/\/www.tx-control.com\/nos-webinaires\/"},"modified":"2024-11-26T09:45:40","modified_gmt":"2024-11-26T09:45:40","slug":"nos-webinaires","status":"publish","type":"page","link":"https:\/\/www.tx-control.com\/fr\/nos-webinaires\/","title":{"rendered":"Nos webinaires"},"content":{"rendered":"<p><div class=\"fusion-fullwidth fullwidth-box fusion-builder-row-1 fusion-flex-container has-pattern-background has-mask-background fusion-parallax-none nonhundred-percent-fullwidth non-hundred-percent-height-scrolling lazyload\" style=\"--awb-border-sizes-top:0px;--awb-border-sizes-bottom:0px;--awb-border-sizes-left:0px;--awb-border-sizes-right:0px;--awb-border-radius-top-left:0px;--awb-border-radius-top-right:0px;--awb-border-radius-bottom-right:0px;--awb-border-radius-bottom-left:0px;--awb-padding-top:110px;--awb-padding-right:30px;--awb-padding-bottom:50px;--awb-padding-left:30px;--awb-padding-top-medium:83px;--awb-margin-top:0px;--awb-margin-bottom:0px;--awb-background-color:var(--awb-color7);--awb-background-image:linear-gradient(180deg, hsla(var(--awb-color8-h),var(--awb-color8-s),var(--awb-color8-l),calc(var(--awb-color8-a) - 20%)) 0%,var(--awb-color8) 100%);;--awb-background-size:cover;--awb-flex-wrap:wrap;\" data-bg=\"https:\/\/www.tx-control.com\/wp-content\/uploads\/2024\/04\/txcontrol-map-background.png\" data-bg-gradient=\"linear-gradient(180deg, hsla(var(--awb-color8-h),var(--awb-color8-s),var(--awb-color8-l),calc(var(--awb-color8-a) - 20%)) 0%,var(--awb-color8) 100%)\" ><div class=\"fusion-builder-row fusion-row fusion-flex-align-items-flex-start fusion-flex-content-wrap\" style=\"max-width:calc( 1200px + 0px );margin-left: calc(-0px \/ 2 );margin-right: calc(-0px \/ 2 );\"><div class=\"fusion-layout-column fusion_builder_column fusion-builder-column-0 fusion_builder_column_1_1 1_1 fusion-flex-column\" style=\"--awb-bg-size:cover;--awb-width-large:100%;--awb-margin-top-large:0px;--awb-spacing-right-large:0px;--awb-margin-bottom-large:10px;--awb-spacing-left-large:0px;--awb-width-medium:100%;--awb-order-medium:0;--awb-spacing-right-medium:0px;--awb-spacing-left-medium:0px;--awb-width-small:100%;--awb-order-small:0;--awb-spacing-right-small:0px;--awb-spacing-left-small:0px;\"><div class=\"fusion-column-wrapper fusion-column-has-shadow fusion-flex-justify-content-flex-start fusion-content-layout-column\"><div class=\"fusion-title title fusion-title-1 fusion-sep-none fusion-title-center fusion-title-highlight fusion-animate-once fusion-highlight-underline_zigzag fusion-title-size-one\" style=\"--awb-highlight-color:var(--awb-custom_color_2);--awb-highlight-width:7;\" data-highlight=\"underline_zigzag\"><h1 class=\"fusion-title-heading title-heading-center\" style=\"margin:0;\"><span class=\"fusion-highlighted-text-prefix\"><\/span> <span class=\"fusion-highlighted-text-wrapper\"><span class=\"fusion-highlighted-text\">Notre webinaire<\/span><svg xmlns=\"http:\/\/www.w3.org\/2000\/svg\" viewBox=\"0 0 500 150\" preserveAspectRatio=\"none\"><path d=\"M6.1,133.6c0,0,173.4-20.6,328.3-14.5c154.8,6.1,162.2,8.7,162.2,8.7s-262.6-4.9-339.2,13.9 c0,0,113.8-6.1,162.9,6.9\"><\/path><\/svg><\/span> <span class=\"fusion-highlighted-text-postfix\"><\/span><\/h1><\/div><\/div><\/div><\/div><\/div><div class=\"fusion-fullwidth fullwidth-box fusion-builder-row-2 fusion-flex-container has-pattern-background has-mask-background nonhundred-percent-fullwidth non-hundred-percent-height-scrolling\" style=\"--awb-border-radius-top-left:0px;--awb-border-radius-top-right:0px;--awb-border-radius-bottom-right:0px;--awb-border-radius-bottom-left:0px;--awb-margin-top:0px;--awb-flex-wrap:wrap;\" ><div class=\"fusion-builder-row fusion-row fusion-flex-align-items-stretch fusion-flex-content-wrap\" style=\"max-width:calc( 1200px + 20px );margin-left: calc(-20px \/ 2 );margin-right: calc(-20px \/ 2 );\"><div class=\"fusion-layout-column fusion_builder_column fusion-builder-column-1 fusion_builder_column_1_3 1_3 fusion-flex-column\" style=\"--awb-overflow:hidden;--awb-bg-image:radial-gradient(circle at center center, #000000 0%,#282828 100%);--awb-bg-size:cover;--awb-box-shadow: 0px 0px ;;--awb-border-radius:10px 10px 10px 10px;--awb-width-large:33.333333333333%;--awb-margin-top-large:20px;--awb-spacing-right-large:10px;--awb-margin-bottom-large:20px;--awb-spacing-left-large:10px;--awb-width-medium:33.333333333333%;--awb-order-medium:0;--awb-spacing-right-medium:10px;--awb-spacing-left-medium:10px;--awb-width-small:100%;--awb-order-small:0;--awb-spacing-right-small:10px;--awb-spacing-left-small:10px;\"><div class=\"fusion-column-wrapper fusion-column-has-shadow fusion-flex-justify-content-flex-start fusion-content-layout-column\"><div class=\"fusion-title title fusion-title-2 fusion-sep-none fusion-title-center fusion-title-text fusion-title-size-three\" style=\"--awb-margin-bottom:58px;\"><h3 class=\"fusion-title-heading title-heading-center\" style=\"margin:0;\"><p style=\"text-align: center;\"><em>Alarm Setting<\/em><\/p><\/h3><\/div><div class=\"fusion-video fusion-youtube\" style=\"--awb-max-width:600px;--awb-max-height:360px;--awb-align-self:center;--awb-width:100%;\"><div class=\"video-shortcode\"><lite-youtube videoid=\"-Q8a-jgxhEI\" class=\"landscape\" params=\"wmode=transparent&autoplay=1&amp;enablejsapi=1\" title=\"YouTube video player 1\" data-button-label=\"Play Video\" width=\"600\" height=\"360\" data-thumbnail-size=\"auto\" data-no-cookie=\"on\"><\/lite-youtube><\/div><\/div><div class=\"fusion-text fusion-text-1 fusion-text-no-margin\" style=\"--awb-margin-top:20px;--awb-margin-right:20px;--awb-margin-bottom:20px;--awb-margin-left:20px;\"><p class=\"p1\" style=\"text-align: center;\">Apprenez \u00e0 d\u00e9finir et \u00e0 g\u00e9rer les <strong>alarmes<\/strong> gr\u00e2ce aux fonctions de surveillance avanc\u00e9es de <strong>TX-Control<\/strong>.<b><\/b><\/p>\n<p class=\"p1\" style=\"text-align: center;\">Cette session vous guide dans la configuration des <strong>seuils<\/strong>, la personnalisation des <strong>notifications<\/strong> et <strong>l&rsquo;int\u00e9gration<\/strong> des dispositifs, afin de garantir une surveillance <strong>pr\u00e9cise<\/strong> en temps r\u00e9el et une gestion efficace des alarmes sur l&rsquo;ensemble de votre r\u00e9seau.<\/p>\n<\/div><\/div><\/div><div class=\"fusion-layout-column fusion_builder_column fusion-builder-column-2 fusion_builder_column_1_3 1_3 fusion-flex-column\" style=\"--awb-overflow:hidden;--awb-bg-image:radial-gradient(circle at center center, #000000 0%,#282828 100%);--awb-bg-size:cover;--awb-box-shadow: 0px 0px ;;--awb-border-radius:10px 10px 10px 10px;--awb-width-large:33.333333333333%;--awb-margin-top-large:20px;--awb-spacing-right-large:10px;--awb-margin-bottom-large:20px;--awb-spacing-left-large:10px;--awb-width-medium:33.333333333333%;--awb-order-medium:0;--awb-spacing-right-medium:10px;--awb-spacing-left-medium:10px;--awb-width-small:100%;--awb-order-small:0;--awb-spacing-right-small:10px;--awb-spacing-left-small:10px;\"><div class=\"fusion-column-wrapper fusion-column-has-shadow fusion-flex-justify-content-flex-start fusion-content-layout-column\"><div class=\"fusion-title title fusion-title-3 fusion-sep-none fusion-title-center fusion-title-text fusion-title-size-three\"><h3 class=\"fusion-title-heading title-heading-center\" style=\"margin:0;\"><p style=\"text-align: center;\"><em>D\u00e9couvrez nos nouvelles fonctionnalit\u00e9s<\/em><\/p><\/h3><\/div><div class=\"fusion-video fusion-youtube\" style=\"--awb-max-width:600px;--awb-max-height:360px;--awb-align-self:center;--awb-width:100%;\"><div class=\"video-shortcode\"><lite-youtube videoid=\"d9mW_3BRiJg\" class=\"landscape\" params=\"wmode=transparent&autoplay=1&amp;enablejsapi=1\" title=\"YouTube video player 2\" data-button-label=\"Play Video\" width=\"600\" height=\"360\" data-thumbnail-size=\"auto\" data-no-cookie=\"on\"><\/lite-youtube><\/div><\/div><div class=\"fusion-text fusion-text-2 fusion-text-no-margin\" style=\"--awb-margin-top:20px;--awb-margin-right:20px;--awb-margin-bottom:20px;--awb-margin-left:20px;\"><p style=\"text-align: center;\">Bienvenue au premier webinaire consacr\u00e9 \u00e0 <strong>TX-Control<\/strong> par <strong>22HBG<\/strong> !<\/p>\n<p style=\"text-align: center;\">Dans cette session, notre \u00e9quipe vous pr\u00e9sente la plateforme <em>innovante<\/em> de <strong>surveillance<\/strong> et de contr\u00f4le \u00e0 <strong>distance<\/strong>, con\u00e7ue pour <strong><em>optimiser<\/em><\/strong> les <em>co\u00fbts<\/em> de <strong><em>maintenance<\/em><\/strong> et <strong>am\u00e9liorer<\/strong> les <em>performances<\/em> de votre r\u00e9seau de <strong>transmission<\/strong>.<\/p>\n<\/div><\/div><\/div><div class=\"fusion-layout-column fusion_builder_column fusion-builder-column-3 fusion_builder_column_1_3 1_3 fusion-flex-column\" style=\"--awb-overflow:hidden;--awb-bg-image:radial-gradient(circle at center center, #000000 0%,#282828 100%);--awb-bg-size:cover;--awb-box-shadow: 0px 0px ;;--awb-border-radius:10px 10px 10px 10px;--awb-width-large:33.333333333333%;--awb-margin-top-large:20px;--awb-spacing-right-large:10px;--awb-margin-bottom-large:20px;--awb-spacing-left-large:10px;--awb-width-medium:33.333333333333%;--awb-order-medium:0;--awb-spacing-right-medium:10px;--awb-spacing-left-medium:10px;--awb-width-small:100%;--awb-order-small:0;--awb-spacing-right-small:10px;--awb-spacing-left-small:10px;\"><div class=\"fusion-column-wrapper fusion-column-has-shadow fusion-flex-justify-content-flex-start fusion-content-layout-column\"><div class=\"fusion-title title fusion-title-4 fusion-sep-none fusion-title-center fusion-title-text fusion-title-size-three\" style=\"--awb-margin-bottom:58px;\"><h3 class=\"fusion-title-heading title-heading-center\" style=\"margin:0;\"><p style=\"text-align: center;\"><em>Asset Manager<\/em><\/p><\/h3><\/div><div class=\"fusion-video fusion-youtube\" style=\"--awb-max-width:600px;--awb-max-height:360px;--awb-align-self:center;--awb-width:100%;\"><div class=\"video-shortcode\"><lite-youtube videoid=\"-nnYz1ZbPTs\" class=\"landscape\" params=\"wmode=transparent&autoplay=1&amp;enablejsapi=1\" title=\"YouTube video player 3\" data-button-label=\"Play Video\" width=\"600\" height=\"360\" data-thumbnail-size=\"auto\" data-no-cookie=\"on\"><\/lite-youtube><\/div><\/div><div class=\"fusion-text fusion-text-3 fusion-text-no-margin\" style=\"--awb-margin-top:20px;--awb-margin-right:20px;--awb-margin-bottom:20px;--awb-margin-left:20px;\"><p style=\"text-align: center;\">Apprenez \u00e0 g\u00e9rer efficacement vos actifs en utilisant le module <strong>Asset Manager<\/strong> de <strong>TX Control.<\/strong><\/p>\n<p style=\"text-align: center;\">Cette session couvre la <strong>configuration<\/strong>, le <strong>suivi<\/strong> et <strong>l&rsquo;organisation<\/strong> des <strong>composants<\/strong> de votre syst\u00e8me, garantissant une gestion efficace des <em>appareils<\/em> dans <em>l&rsquo;ensemble<\/em> de votre r\u00e9seau.<\/p>\n<\/div><\/div><\/div><\/div><\/div><\/p>\n","protected":false},"excerpt":{"rendered":"","protected":false},"author":1,"featured_media":0,"parent":0,"menu_order":0,"comment_status":"closed","ping_status":"closed","template":"100-width.php","meta":{"footnotes":""},"class_list":["post-2311","page","type-page","status-publish","hentry"],"yoast_head":"<!-- This site is optimized with the Yoast SEO plugin v27.3 - https:\/\/yoast.com\/product\/yoast-seo-wordpress\/ -->\n<title>Nos webinaires - TX Control<\/title>\n<meta name=\"robots\" content=\"index, follow, max-snippet:-1, max-image-preview:large, max-video-preview:-1\" \/>\n<link rel=\"canonical\" href=\"https:\/\/www.tx-control.com\/fr\/nos-webinaires\/\" \/>\n<meta property=\"og:locale\" content=\"fr_FR\" \/>\n<meta property=\"og:type\" content=\"article\" \/>\n<meta property=\"og:title\" content=\"Nos webinaires - TX Control\" \/>\n<meta property=\"og:url\" content=\"https:\/\/www.tx-control.com\/fr\/nos-webinaires\/\" \/>\n<meta property=\"og:site_name\" content=\"TX Control\" \/>\n<meta property=\"article:modified_time\" content=\"2024-11-26T09:45:40+00:00\" \/>\n<meta name=\"twitter:card\" content=\"summary_large_image\" \/>\n<meta name=\"twitter:label1\" content=\"Dur\u00e9e de lecture estim\u00e9e\" \/>\n\t<meta name=\"twitter:data1\" content=\"12 minutes\" \/>\n<script type=\"application\/ld+json\" class=\"yoast-schema-graph\">{\"@context\":\"https:\\\/\\\/schema.org\",\"@graph\":[{\"@type\":\"WebPage\",\"@id\":\"https:\\\/\\\/www.tx-control.com\\\/fr\\\/nos-webinaires\\\/\",\"url\":\"https:\\\/\\\/www.tx-control.com\\\/fr\\\/nos-webinaires\\\/\",\"name\":\"Nos webinaires - TX Control\",\"isPartOf\":{\"@id\":\"https:\\\/\\\/www.tx-control.com\\\/fr\\\/#website\"},\"datePublished\":\"2024-11-07T09:49:35+00:00\",\"dateModified\":\"2024-11-26T09:45:40+00:00\",\"breadcrumb\":{\"@id\":\"https:\\\/\\\/www.tx-control.com\\\/fr\\\/nos-webinaires\\\/#breadcrumb\"},\"inLanguage\":\"fr-FR\",\"potentialAction\":[{\"@type\":\"ReadAction\",\"target\":[\"https:\\\/\\\/www.tx-control.com\\\/fr\\\/nos-webinaires\\\/\"]}]},{\"@type\":\"BreadcrumbList\",\"@id\":\"https:\\\/\\\/www.tx-control.com\\\/fr\\\/nos-webinaires\\\/#breadcrumb\",\"itemListElement\":[{\"@type\":\"ListItem\",\"position\":1,\"name\":\"Home\",\"item\":\"https:\\\/\\\/www.tx-control.com\\\/fr\\\/home\\\/\"},{\"@type\":\"ListItem\",\"position\":2,\"name\":\"Nos webinaires\"}]},{\"@type\":\"WebSite\",\"@id\":\"https:\\\/\\\/www.tx-control.com\\\/fr\\\/#website\",\"url\":\"https:\\\/\\\/www.tx-control.com\\\/fr\\\/\",\"name\":\"TX Control\",\"description\":\"Remote monitoring and control via SNMP \\\/ GSM \\\/ MQTT\",\"publisher\":{\"@id\":\"https:\\\/\\\/www.tx-control.com\\\/fr\\\/#organization\"},\"potentialAction\":[{\"@type\":\"SearchAction\",\"target\":{\"@type\":\"EntryPoint\",\"urlTemplate\":\"https:\\\/\\\/www.tx-control.com\\\/fr\\\/?s={search_term_string}\"},\"query-input\":{\"@type\":\"PropertyValueSpecification\",\"valueRequired\":true,\"valueName\":\"search_term_string\"}}],\"inLanguage\":\"fr-FR\"},{\"@type\":\"Organization\",\"@id\":\"https:\\\/\\\/www.tx-control.com\\\/fr\\\/#organization\",\"name\":\"TX Control\",\"url\":\"https:\\\/\\\/www.tx-control.com\\\/fr\\\/\",\"logo\":{\"@type\":\"ImageObject\",\"inLanguage\":\"fr-FR\",\"@id\":\"https:\\\/\\\/www.tx-control.com\\\/fr\\\/#\\\/schema\\\/logo\\\/image\\\/\",\"url\":\"https:\\\/\\\/www.tx-control.com\\\/wp-content\\\/uploads\\\/2023\\\/06\\\/txcontrol-logo-full.png\",\"contentUrl\":\"https:\\\/\\\/www.tx-control.com\\\/wp-content\\\/uploads\\\/2023\\\/06\\\/txcontrol-logo-full.png\",\"width\":389,\"height\":70,\"caption\":\"TX Control\"},\"image\":{\"@id\":\"https:\\\/\\\/www.tx-control.com\\\/fr\\\/#\\\/schema\\\/logo\\\/image\\\/\"}}]}<\/script>\n<!-- \/ Yoast SEO plugin. -->","yoast_head_json":{"title":"Nos webinaires - TX Control","robots":{"index":"index","follow":"follow","max-snippet":"max-snippet:-1","max-image-preview":"max-image-preview:large","max-video-preview":"max-video-preview:-1"},"canonical":"https:\/\/www.tx-control.com\/fr\/nos-webinaires\/","og_locale":"fr_FR","og_type":"article","og_title":"Nos webinaires - TX Control","og_url":"https:\/\/www.tx-control.com\/fr\/nos-webinaires\/","og_site_name":"TX Control","article_modified_time":"2024-11-26T09:45:40+00:00","twitter_card":"summary_large_image","twitter_misc":{"Dur\u00e9e de lecture estim\u00e9e":"12 minutes"},"schema":{"@context":"https:\/\/schema.org","@graph":[{"@type":"WebPage","@id":"https:\/\/www.tx-control.com\/fr\/nos-webinaires\/","url":"https:\/\/www.tx-control.com\/fr\/nos-webinaires\/","name":"Nos webinaires - TX Control","isPartOf":{"@id":"https:\/\/www.tx-control.com\/fr\/#website"},"datePublished":"2024-11-07T09:49:35+00:00","dateModified":"2024-11-26T09:45:40+00:00","breadcrumb":{"@id":"https:\/\/www.tx-control.com\/fr\/nos-webinaires\/#breadcrumb"},"inLanguage":"fr-FR","potentialAction":[{"@type":"ReadAction","target":["https:\/\/www.tx-control.com\/fr\/nos-webinaires\/"]}]},{"@type":"BreadcrumbList","@id":"https:\/\/www.tx-control.com\/fr\/nos-webinaires\/#breadcrumb","itemListElement":[{"@type":"ListItem","position":1,"name":"Home","item":"https:\/\/www.tx-control.com\/fr\/home\/"},{"@type":"ListItem","position":2,"name":"Nos webinaires"}]},{"@type":"WebSite","@id":"https:\/\/www.tx-control.com\/fr\/#website","url":"https:\/\/www.tx-control.com\/fr\/","name":"TX Control","description":"Remote monitoring and control via SNMP \/ GSM \/ MQTT","publisher":{"@id":"https:\/\/www.tx-control.com\/fr\/#organization"},"potentialAction":[{"@type":"SearchAction","target":{"@type":"EntryPoint","urlTemplate":"https:\/\/www.tx-control.com\/fr\/?s={search_term_string}"},"query-input":{"@type":"PropertyValueSpecification","valueRequired":true,"valueName":"search_term_string"}}],"inLanguage":"fr-FR"},{"@type":"Organization","@id":"https:\/\/www.tx-control.com\/fr\/#organization","name":"TX Control","url":"https:\/\/www.tx-control.com\/fr\/","logo":{"@type":"ImageObject","inLanguage":"fr-FR","@id":"https:\/\/www.tx-control.com\/fr\/#\/schema\/logo\/image\/","url":"https:\/\/www.tx-control.com\/wp-content\/uploads\/2023\/06\/txcontrol-logo-full.png","contentUrl":"https:\/\/www.tx-control.com\/wp-content\/uploads\/2023\/06\/txcontrol-logo-full.png","width":389,"height":70,"caption":"TX Control"},"image":{"@id":"https:\/\/www.tx-control.com\/fr\/#\/schema\/logo\/image\/"}}]}},"_links":{"self":[{"href":"https:\/\/www.tx-control.com\/fr\/wp-json\/wp\/v2\/pages\/2311","targetHints":{"allow":["GET"]}}],"collection":[{"href":"https:\/\/www.tx-control.com\/fr\/wp-json\/wp\/v2\/pages"}],"about":[{"href":"https:\/\/www.tx-control.com\/fr\/wp-json\/wp\/v2\/types\/page"}],"author":[{"embeddable":true,"href":"https:\/\/www.tx-control.com\/fr\/wp-json\/wp\/v2\/users\/1"}],"replies":[{"embeddable":true,"href":"https:\/\/www.tx-control.com\/fr\/wp-json\/wp\/v2\/comments?post=2311"}],"version-history":[{"count":0,"href":"https:\/\/www.tx-control.com\/fr\/wp-json\/wp\/v2\/pages\/2311\/revisions"}],"wp:attachment":[{"href":"https:\/\/www.tx-control.com\/fr\/wp-json\/wp\/v2\/media?parent=2311"}],"curies":[{"name":"wp","href":"https:\/\/api.w.org\/{rel}","templated":true}]}}