{"id":2329,"date":"2024-11-07T09:49:35","date_gmt":"2024-11-07T09:49:35","guid":{"rendered":"https:\/\/www.tx-control.com\/nuestros-seminarios\/"},"modified":"2024-11-26T09:50:30","modified_gmt":"2024-11-26T09:50:30","slug":"nuestros-seminarios","status":"publish","type":"page","link":"https:\/\/www.tx-control.com\/es\/nuestros-seminarios\/","title":{"rendered":"Nuestros seminarios"},"content":{"rendered":"<p><div class=\"fusion-fullwidth fullwidth-box fusion-builder-row-1 fusion-flex-container has-pattern-background has-mask-background fusion-parallax-none nonhundred-percent-fullwidth non-hundred-percent-height-scrolling lazyload\" style=\"--awb-border-sizes-top:0px;--awb-border-sizes-bottom:0px;--awb-border-sizes-left:0px;--awb-border-sizes-right:0px;--awb-border-radius-top-left:0px;--awb-border-radius-top-right:0px;--awb-border-radius-bottom-right:0px;--awb-border-radius-bottom-left:0px;--awb-padding-top:110px;--awb-padding-right:30px;--awb-padding-bottom:50px;--awb-padding-left:30px;--awb-padding-top-medium:83px;--awb-margin-top:0px;--awb-margin-bottom:0px;--awb-background-color:var(--awb-color7);--awb-background-image:linear-gradient(180deg, hsla(var(--awb-color8-h),var(--awb-color8-s),var(--awb-color8-l),calc(var(--awb-color8-a) - 20%)) 0%,var(--awb-color8) 100%);;--awb-background-size:cover;--awb-flex-wrap:wrap;\" data-bg=\"https:\/\/www.tx-control.com\/wp-content\/uploads\/2024\/04\/txcontrol-map-background.png\" data-bg-gradient=\"linear-gradient(180deg, hsla(var(--awb-color8-h),var(--awb-color8-s),var(--awb-color8-l),calc(var(--awb-color8-a) - 20%)) 0%,var(--awb-color8) 100%)\" ><div class=\"fusion-builder-row fusion-row fusion-flex-align-items-flex-start fusion-flex-content-wrap\" style=\"max-width:calc( 1200px + 0px );margin-left: calc(-0px \/ 2 );margin-right: calc(-0px \/ 2 );\"><div class=\"fusion-layout-column fusion_builder_column fusion-builder-column-0 fusion_builder_column_1_1 1_1 fusion-flex-column\" style=\"--awb-bg-size:cover;--awb-width-large:100%;--awb-margin-top-large:0px;--awb-spacing-right-large:0px;--awb-margin-bottom-large:10px;--awb-spacing-left-large:0px;--awb-width-medium:100%;--awb-order-medium:0;--awb-spacing-right-medium:0px;--awb-spacing-left-medium:0px;--awb-width-small:100%;--awb-order-small:0;--awb-spacing-right-small:0px;--awb-spacing-left-small:0px;\"><div class=\"fusion-column-wrapper fusion-column-has-shadow fusion-flex-justify-content-flex-start fusion-content-layout-column\"><div class=\"fusion-title title fusion-title-1 fusion-sep-none fusion-title-center fusion-title-highlight fusion-animate-once fusion-highlight-underline_zigzag fusion-title-size-one\" style=\"--awb-highlight-color:var(--awb-custom_color_2);--awb-highlight-width:7;--awb-margin-top-small:10px;--awb-margin-right-small:0px;--awb-margin-bottom-small:10px;--awb-margin-left-small:0px;\" data-highlight=\"underline_zigzag\"><h1 class=\"fusion-title-heading title-heading-center\" style=\"margin:0;\"><span class=\"fusion-highlighted-text-prefix\"><\/span> <span class=\"fusion-highlighted-text-wrapper\"><span class=\"fusion-highlighted-text\">Nuestro seminario web<\/span><svg xmlns=\"http:\/\/www.w3.org\/2000\/svg\" viewBox=\"0 0 500 150\" preserveAspectRatio=\"none\"><path d=\"M6.1,133.6c0,0,173.4-20.6,328.3-14.5c154.8,6.1,162.2,8.7,162.2,8.7s-262.6-4.9-339.2,13.9 c0,0,113.8-6.1,162.9,6.9\"><\/path><\/svg><\/span> <span class=\"fusion-highlighted-text-postfix\"><\/span><\/h1><\/div><\/div><\/div><\/div><\/div><div class=\"fusion-fullwidth fullwidth-box fusion-builder-row-2 fusion-flex-container has-pattern-background has-mask-background nonhundred-percent-fullwidth non-hundred-percent-height-scrolling\" style=\"--awb-border-radius-top-left:0px;--awb-border-radius-top-right:0px;--awb-border-radius-bottom-right:0px;--awb-border-radius-bottom-left:0px;--awb-margin-top:0px;--awb-flex-wrap:wrap;\" ><div class=\"fusion-builder-row fusion-row fusion-flex-align-items-stretch fusion-flex-content-wrap\" style=\"max-width:calc( 1200px + 20px );margin-left: calc(-20px \/ 2 );margin-right: calc(-20px \/ 2 );\"><div class=\"fusion-layout-column fusion_builder_column fusion-builder-column-1 fusion_builder_column_1_3 1_3 fusion-flex-column\" style=\"--awb-overflow:hidden;--awb-bg-image:radial-gradient(circle at center center, #000000 0%,#282828 100%);--awb-bg-size:cover;--awb-box-shadow: 0px 0px ;;--awb-border-radius:10px 10px 10px 10px;--awb-width-large:33.333333333333%;--awb-margin-top-large:20px;--awb-spacing-right-large:10px;--awb-margin-bottom-large:20px;--awb-spacing-left-large:10px;--awb-width-medium:33.333333333333%;--awb-order-medium:0;--awb-spacing-right-medium:10px;--awb-spacing-left-medium:10px;--awb-width-small:100%;--awb-order-small:0;--awb-spacing-right-small:10px;--awb-spacing-left-small:10px;\"><div class=\"fusion-column-wrapper fusion-column-has-shadow fusion-flex-justify-content-flex-start fusion-content-layout-column\"><div class=\"fusion-title title fusion-title-2 fusion-sep-none fusion-title-center fusion-title-text fusion-title-size-three\" style=\"--awb-margin-bottom:58px;--awb-margin-top-small:10px;--awb-margin-right-small:0px;--awb-margin-bottom-small:10px;--awb-margin-left-small:0px;\"><h3 class=\"fusion-title-heading title-heading-center\" style=\"margin:0;\"><p style=\"text-align: center;\"><em>Alarm Setting<\/em><\/p><\/h3><\/div><div class=\"fusion-video fusion-youtube\" style=\"--awb-max-width:600px;--awb-max-height:360px;--awb-align-self:center;--awb-width:100%;\"><div class=\"video-shortcode\"><lite-youtube videoid=\"-Q8a-jgxhEI\" class=\"landscape\" params=\"wmode=transparent&autoplay=1&amp;enablejsapi=1\" title=\"YouTube video player 1\" data-button-label=\"Play Video\" width=\"600\" height=\"360\" data-thumbnail-size=\"auto\" data-no-cookie=\"on\"><\/lite-youtube><\/div><\/div><div class=\"fusion-text fusion-text-1 fusion-text-no-margin\" style=\"--awb-margin-top:20px;--awb-margin-right:20px;--awb-margin-bottom:20px;--awb-margin-left:20px;\"><p class=\"p1\" style=\"text-align: center;\">Aprenda a configurar y gestionar <strong>alarmas<\/strong> con las funciones avanzadas de supervisi\u00f3n de <strong>TX-Control<\/strong>.<b><\/b><\/p>\n<p class=\"p1\" style=\"text-align: center;\">Esta sesi\u00f3n le guiar\u00e1 a trav\u00e9s de la configuraci\u00f3n de <strong>umbrales<\/strong>, la personalizaci\u00f3n de <strong>notificaciones<\/strong> y la <strong>integraci\u00f3n<\/strong> de dispositivos, garantizando una supervisi\u00f3n precisa en tiempo real y una gesti\u00f3n <strong>eficaz<\/strong> de las alarmas en toda la red.<\/p>\n<\/div><\/div><\/div><div class=\"fusion-layout-column fusion_builder_column fusion-builder-column-2 fusion_builder_column_1_3 1_3 fusion-flex-column\" style=\"--awb-overflow:hidden;--awb-bg-image:radial-gradient(circle at center center, #000000 0%,#282828 100%);--awb-bg-size:cover;--awb-box-shadow: 0px 0px ;;--awb-border-radius:10px 10px 10px 10px;--awb-width-large:33.333333333333%;--awb-margin-top-large:20px;--awb-spacing-right-large:10px;--awb-margin-bottom-large:20px;--awb-spacing-left-large:10px;--awb-width-medium:33.333333333333%;--awb-order-medium:0;--awb-spacing-right-medium:10px;--awb-spacing-left-medium:10px;--awb-width-small:100%;--awb-order-small:0;--awb-spacing-right-small:10px;--awb-spacing-left-small:10px;\"><div class=\"fusion-column-wrapper fusion-column-has-shadow fusion-flex-justify-content-flex-start fusion-content-layout-column\"><div class=\"fusion-title title fusion-title-3 fusion-sep-none fusion-title-center fusion-title-text fusion-title-size-three\" style=\"--awb-margin-top-small:10px;--awb-margin-right-small:0px;--awb-margin-bottom-small:10px;--awb-margin-left-small:0px;\"><h3 class=\"fusion-title-heading title-heading-center\" style=\"margin:0;\"><p style=\"text-align: center;\"><em>Descubra nuestras novedades<\/em><\/p><\/h3><\/div><div class=\"fusion-video fusion-youtube\" style=\"--awb-max-width:600px;--awb-max-height:360px;--awb-align-self:center;--awb-width:100%;\"><div class=\"video-shortcode\"><lite-youtube videoid=\"d9mW_3BRiJg\" class=\"landscape\" params=\"wmode=transparent&autoplay=1&amp;enablejsapi=1\" title=\"YouTube video player 2\" data-button-label=\"Play Video\" width=\"600\" height=\"360\" data-thumbnail-size=\"auto\" data-no-cookie=\"on\"><\/lite-youtube><\/div><\/div><div class=\"fusion-text fusion-text-2 fusion-text-no-margin\" style=\"--awb-margin-top:20px;--awb-margin-right:20px;--awb-margin-bottom:20px;--awb-margin-left:20px;\"><p style=\"text-align: center;\">\u00a1Bienvenido al primer seminario web dedicado a <strong>TX-Control<\/strong> por <strong>22HBG<\/strong>!<\/p>\n<p style=\"text-align: center;\">En esta sesi\u00f3n, nuestro equipo le guiar\u00e1 a trav\u00e9s de la <em>innovadora<\/em> plataforma de <strong>supervisi\u00f3n<\/strong> y <strong>control<\/strong> remotos, dise\u00f1ada para <strong><em>optimizar<\/em><\/strong> los <em>costes<\/em> de <strong><em>mantenimiento<\/em><\/strong> y <strong>mejorar<\/strong> el <em>rendimiento<\/em> de su red de <strong>transmisi\u00f3n<\/strong>.<\/p>\n<\/div><\/div><\/div><div class=\"fusion-layout-column fusion_builder_column fusion-builder-column-3 fusion_builder_column_1_3 1_3 fusion-flex-column\" style=\"--awb-overflow:hidden;--awb-bg-image:radial-gradient(circle at center center, #000000 0%,#282828 100%);--awb-bg-size:cover;--awb-box-shadow: 0px 0px ;;--awb-border-radius:10px 10px 10px 10px;--awb-width-large:33.333333333333%;--awb-margin-top-large:20px;--awb-spacing-right-large:10px;--awb-margin-bottom-large:20px;--awb-spacing-left-large:10px;--awb-width-medium:33.333333333333%;--awb-order-medium:0;--awb-spacing-right-medium:10px;--awb-spacing-left-medium:10px;--awb-width-small:100%;--awb-order-small:0;--awb-spacing-right-small:10px;--awb-spacing-left-small:10px;\"><div class=\"fusion-column-wrapper fusion-column-has-shadow fusion-flex-justify-content-flex-start fusion-content-layout-column\"><div class=\"fusion-title title fusion-title-4 fusion-sep-none fusion-title-center fusion-title-text fusion-title-size-three\" style=\"--awb-margin-bottom:58px;--awb-margin-top-small:10px;--awb-margin-right-small:0px;--awb-margin-bottom-small:10px;--awb-margin-left-small:0px;\"><h3 class=\"fusion-title-heading title-heading-center\" style=\"margin:0;\"><p style=\"text-align: center;\"><em>Asset Manager<\/em><\/p><\/h3><\/div><div class=\"fusion-video fusion-youtube\" style=\"--awb-max-width:600px;--awb-max-height:360px;--awb-align-self:center;--awb-width:100%;\"><div class=\"video-shortcode\"><lite-youtube videoid=\"-nnYz1ZbPTs\" class=\"landscape\" params=\"wmode=transparent&autoplay=1&amp;enablejsapi=1\" title=\"YouTube video player 3\" data-button-label=\"Play Video\" width=\"600\" height=\"360\" data-thumbnail-size=\"auto\" data-no-cookie=\"on\"><\/lite-youtube><\/div><\/div><div class=\"fusion-text fusion-text-3 fusion-text-no-margin\" style=\"--awb-margin-top:20px;--awb-margin-right:20px;--awb-margin-bottom:20px;--awb-margin-left:20px;\"><p style=\"text-align: center;\">Aprenda a gestionar eficazmente sus activos utilizando el m\u00f3dulo <strong>Asset Manager<\/strong> de <strong>TX Control<\/strong>.<\/p>\n<p style=\"text-align: center;\">Esta sesi\u00f3n abarca la <strong>configuraci\u00f3n<\/strong>, el <strong>seguimiento<\/strong> y la <strong>organizaci\u00f3n<\/strong> de los <strong>componentes<\/strong> del sistema, garantizando una <em>gesti\u00f3n<\/em> eficaz de los <em>dispositivos<\/em> en toda la red.<\/p>\n<\/div><\/div><\/div><\/div><\/div><\/p>\n","protected":false},"excerpt":{"rendered":"","protected":false},"author":1,"featured_media":0,"parent":0,"menu_order":0,"comment_status":"closed","ping_status":"closed","template":"100-width.php","meta":{"footnotes":""},"class_list":["post-2329","page","type-page","status-publish","hentry"],"yoast_head":"<!-- This site is optimized with the Yoast SEO plugin v27.5 - https:\/\/yoast.com\/product\/yoast-seo-wordpress\/ -->\n<title>Nuestros seminarios - TX Control<\/title>\n<meta name=\"robots\" content=\"index, follow, max-snippet:-1, max-image-preview:large, max-video-preview:-1\" \/>\n<link rel=\"canonical\" href=\"https:\/\/www.tx-control.com\/es\/nuestros-seminarios\/\" \/>\n<meta property=\"og:locale\" content=\"es_ES\" \/>\n<meta property=\"og:type\" content=\"article\" \/>\n<meta property=\"og:title\" content=\"Nuestros seminarios - TX Control\" \/>\n<meta property=\"og:url\" content=\"https:\/\/www.tx-control.com\/es\/nuestros-seminarios\/\" \/>\n<meta property=\"og:site_name\" content=\"TX Control\" \/>\n<meta property=\"article:modified_time\" content=\"2024-11-26T09:50:30+00:00\" \/>\n<meta name=\"twitter:card\" content=\"summary_large_image\" \/>\n<meta name=\"twitter:label1\" content=\"Tiempo de lectura\" \/>\n\t<meta name=\"twitter:data1\" content=\"12 minutos\" \/>\n<script type=\"application\/ld+json\" class=\"yoast-schema-graph\">{\"@context\":\"https:\\\/\\\/schema.org\",\"@graph\":[{\"@type\":\"WebPage\",\"@id\":\"https:\\\/\\\/www.tx-control.com\\\/es\\\/nuestros-seminarios\\\/\",\"url\":\"https:\\\/\\\/www.tx-control.com\\\/es\\\/nuestros-seminarios\\\/\",\"name\":\"Nuestros seminarios - TX Control\",\"isPartOf\":{\"@id\":\"https:\\\/\\\/www.tx-control.com\\\/es\\\/#website\"},\"datePublished\":\"2024-11-07T09:49:35+00:00\",\"dateModified\":\"2024-11-26T09:50:30+00:00\",\"breadcrumb\":{\"@id\":\"https:\\\/\\\/www.tx-control.com\\\/es\\\/nuestros-seminarios\\\/#breadcrumb\"},\"inLanguage\":\"es\",\"potentialAction\":[{\"@type\":\"ReadAction\",\"target\":[\"https:\\\/\\\/www.tx-control.com\\\/es\\\/nuestros-seminarios\\\/\"]}]},{\"@type\":\"BreadcrumbList\",\"@id\":\"https:\\\/\\\/www.tx-control.com\\\/es\\\/nuestros-seminarios\\\/#breadcrumb\",\"itemListElement\":[{\"@type\":\"ListItem\",\"position\":1,\"name\":\"Home\",\"item\":\"https:\\\/\\\/www.tx-control.com\\\/es\\\/home\\\/\"},{\"@type\":\"ListItem\",\"position\":2,\"name\":\"Nuestros seminarios\"}]},{\"@type\":\"WebSite\",\"@id\":\"https:\\\/\\\/www.tx-control.com\\\/es\\\/#website\",\"url\":\"https:\\\/\\\/www.tx-control.com\\\/es\\\/\",\"name\":\"TX Control\",\"description\":\"Remote monitoring and control via SNMP \\\/ GSM \\\/ MQTT\",\"publisher\":{\"@id\":\"https:\\\/\\\/www.tx-control.com\\\/es\\\/#organization\"},\"potentialAction\":[{\"@type\":\"SearchAction\",\"target\":{\"@type\":\"EntryPoint\",\"urlTemplate\":\"https:\\\/\\\/www.tx-control.com\\\/es\\\/?s={search_term_string}\"},\"query-input\":{\"@type\":\"PropertyValueSpecification\",\"valueRequired\":true,\"valueName\":\"search_term_string\"}}],\"inLanguage\":\"es\"},{\"@type\":\"Organization\",\"@id\":\"https:\\\/\\\/www.tx-control.com\\\/es\\\/#organization\",\"name\":\"TX Control\",\"url\":\"https:\\\/\\\/www.tx-control.com\\\/es\\\/\",\"logo\":{\"@type\":\"ImageObject\",\"inLanguage\":\"es\",\"@id\":\"https:\\\/\\\/www.tx-control.com\\\/es\\\/#\\\/schema\\\/logo\\\/image\\\/\",\"url\":\"https:\\\/\\\/www.tx-control.com\\\/wp-content\\\/uploads\\\/2023\\\/06\\\/txcontrol-logo-full.png\",\"contentUrl\":\"https:\\\/\\\/www.tx-control.com\\\/wp-content\\\/uploads\\\/2023\\\/06\\\/txcontrol-logo-full.png\",\"width\":389,\"height\":70,\"caption\":\"TX Control\"},\"image\":{\"@id\":\"https:\\\/\\\/www.tx-control.com\\\/es\\\/#\\\/schema\\\/logo\\\/image\\\/\"}}]}<\/script>\n<!-- \/ Yoast SEO plugin. -->","yoast_head_json":{"title":"Nuestros seminarios - TX Control","robots":{"index":"index","follow":"follow","max-snippet":"max-snippet:-1","max-image-preview":"max-image-preview:large","max-video-preview":"max-video-preview:-1"},"canonical":"https:\/\/www.tx-control.com\/es\/nuestros-seminarios\/","og_locale":"es_ES","og_type":"article","og_title":"Nuestros seminarios - TX Control","og_url":"https:\/\/www.tx-control.com\/es\/nuestros-seminarios\/","og_site_name":"TX Control","article_modified_time":"2024-11-26T09:50:30+00:00","twitter_card":"summary_large_image","twitter_misc":{"Tiempo de lectura":"12 minutos"},"schema":{"@context":"https:\/\/schema.org","@graph":[{"@type":"WebPage","@id":"https:\/\/www.tx-control.com\/es\/nuestros-seminarios\/","url":"https:\/\/www.tx-control.com\/es\/nuestros-seminarios\/","name":"Nuestros seminarios - TX Control","isPartOf":{"@id":"https:\/\/www.tx-control.com\/es\/#website"},"datePublished":"2024-11-07T09:49:35+00:00","dateModified":"2024-11-26T09:50:30+00:00","breadcrumb":{"@id":"https:\/\/www.tx-control.com\/es\/nuestros-seminarios\/#breadcrumb"},"inLanguage":"es","potentialAction":[{"@type":"ReadAction","target":["https:\/\/www.tx-control.com\/es\/nuestros-seminarios\/"]}]},{"@type":"BreadcrumbList","@id":"https:\/\/www.tx-control.com\/es\/nuestros-seminarios\/#breadcrumb","itemListElement":[{"@type":"ListItem","position":1,"name":"Home","item":"https:\/\/www.tx-control.com\/es\/home\/"},{"@type":"ListItem","position":2,"name":"Nuestros seminarios"}]},{"@type":"WebSite","@id":"https:\/\/www.tx-control.com\/es\/#website","url":"https:\/\/www.tx-control.com\/es\/","name":"TX Control","description":"Remote monitoring and control via SNMP \/ GSM \/ MQTT","publisher":{"@id":"https:\/\/www.tx-control.com\/es\/#organization"},"potentialAction":[{"@type":"SearchAction","target":{"@type":"EntryPoint","urlTemplate":"https:\/\/www.tx-control.com\/es\/?s={search_term_string}"},"query-input":{"@type":"PropertyValueSpecification","valueRequired":true,"valueName":"search_term_string"}}],"inLanguage":"es"},{"@type":"Organization","@id":"https:\/\/www.tx-control.com\/es\/#organization","name":"TX Control","url":"https:\/\/www.tx-control.com\/es\/","logo":{"@type":"ImageObject","inLanguage":"es","@id":"https:\/\/www.tx-control.com\/es\/#\/schema\/logo\/image\/","url":"https:\/\/www.tx-control.com\/wp-content\/uploads\/2023\/06\/txcontrol-logo-full.png","contentUrl":"https:\/\/www.tx-control.com\/wp-content\/uploads\/2023\/06\/txcontrol-logo-full.png","width":389,"height":70,"caption":"TX Control"},"image":{"@id":"https:\/\/www.tx-control.com\/es\/#\/schema\/logo\/image\/"}}]}},"_links":{"self":[{"href":"https:\/\/www.tx-control.com\/es\/wp-json\/wp\/v2\/pages\/2329","targetHints":{"allow":["GET"]}}],"collection":[{"href":"https:\/\/www.tx-control.com\/es\/wp-json\/wp\/v2\/pages"}],"about":[{"href":"https:\/\/www.tx-control.com\/es\/wp-json\/wp\/v2\/types\/page"}],"author":[{"embeddable":true,"href":"https:\/\/www.tx-control.com\/es\/wp-json\/wp\/v2\/users\/1"}],"replies":[{"embeddable":true,"href":"https:\/\/www.tx-control.com\/es\/wp-json\/wp\/v2\/comments?post=2329"}],"version-history":[{"count":0,"href":"https:\/\/www.tx-control.com\/es\/wp-json\/wp\/v2\/pages\/2329\/revisions"}],"wp:attachment":[{"href":"https:\/\/www.tx-control.com\/es\/wp-json\/wp\/v2\/media?parent=2329"}],"curies":[{"name":"wp","href":"https:\/\/api.w.org\/{rel}","templated":true}]}}